{"id":3149,"date":"2020-07-01T13:38:34","date_gmt":"2020-07-01T13:38:34","guid":{"rendered":"https:\/\/promo-theme.com\/holleta\/?page_id=3149"},"modified":"2024-03-19T00:01:53","modified_gmt":"2024-03-18T23:01:53","slug":"contact-us","status":"publish","type":"page","link":"https:\/\/le22apparthotel.com\/fr\/contact-us\/","title":{"rendered":"Contact"},"content":{"rendered":"<section class=\"wpb-content-wrapper\"><div data-vc-full-width=\"true\" data-vc-full-width-init=\"false\" class=\"vc_row wpb_row vc_row-fluid vc_row-5e9853368b538\">\t\t\n\t\t<div class=\"wpb_column vc_column_container vc_col-sm-12 vc_col-lg-6 vc_col-md-5 vc_column_container-5e98597905739\"><div class=\"vc_column-inner\"><div class=\"wpb_wrapper\">      <div class=\"heading-block heading-5e9847bb4445f tal h-h5\">\n                  <h5 class=\"h\">Connectez-vous avec notre \u00e9quipe.<br \/>\nContactez-nous aujourd&#039;hui.<\/h5>\n              <\/div>\n    <\/div><\/div><\/div>\t\t\n\t\t<div class=\"wpb_column vc_column_container vc_col-sm-6 vc_col-lg-3 vc_col-md-4 vc_column_container-5e9859904cad4\"><div class=\"vc_column-inner\"><div class=\"wpb_wrapper\">\n\t<div class=\"wpb_raw_code wpb_content_element wpb_raw_html\" >\n\t\t<div class=\"wpb_wrapper\">\n\t\t\t<div class=\"contact-item\">\n  <div class=\"label\">Adresse<\/div>\n  <div class=\"value\">57 Rue des Acacias, <br>Casablanca20000<br><span><br>Ouvert : 24h\/24 7j\/7<\/span><\/div>\n<\/div>\n\t\t<\/div>\n\t<\/div>\n<\/div><\/div><\/div>\t\t\n\t\t<div class=\"wpb_column vc_column_container vc_col-sm-6 vc_col-md-3 vc_column_container-5e9859a3def97\"><div class=\"vc_column-inner\"><div class=\"wpb_wrapper\">\n\t<div class=\"wpb_raw_code wpb_content_element wpb_raw_html\" >\n\t\t<div class=\"wpb_wrapper\">\n\t\t\t<div class=\"contact-item\">\n  <div class=\"label\">Contact<\/div>\n  <div class=\"value\">+212 5222-30360<br>+212 5222-30370<br><span><br>reservation@le22apparthotel.com<\/span><\/div>\n<\/div>\n\n\n\t\t<\/div>\n\t<\/div>\n<\/div><\/div><\/div>\t\t\n\t\t<div class=\"wpb_column vc_column_container vc_col-sm-12 vc_column_container-5efd6f5c21601\"><div class=\"vc_column-inner\"><div class=\"wpb_wrapper\">      <div class=\"heading-block heading-5efd6ef75618b tal h-h5\">\n                  <div class=\"sub-h\">\u00c9crivez-nous<\/div>\n              <\/div>\n    \n\t<div class=\"wpb_text_column wpb_content_element  wpb_text_column-5e984823058fc\" >\n\t\t<div class=\"wpb_wrapper\">\n\t\t\t\n<div class=\"wpcf7 no-js\" id=\"wpcf7-f3160-o1\" lang=\"en-US\" dir=\"ltr\" data-wpcf7-id=\"3160\">\n<div class=\"screen-reader-response\"><p role=\"status\" aria-live=\"polite\" aria-atomic=\"true\"><\/p> <ul><\/ul><\/div>\n<form action=\"\/fr\/wp-json\/wp\/v2\/pages\/3149#wpcf7-f3160-o1\" method=\"post\" class=\"wpcf7-form init\" aria-label=\"Contact form\" novalidate=\"novalidate\" data-status=\"init\" data-trp-original-action=\"\/fr\/wp-json\/wp\/v2\/pages\/3149#wpcf7-f3160-o1\">\n<fieldset class=\"hidden-fields-container\"><input type=\"hidden\" name=\"_wpcf7\" value=\"3160\" \/><input type=\"hidden\" name=\"_wpcf7_version\" value=\"6.1.5\" \/><input type=\"hidden\" name=\"_wpcf7_locale\" value=\"en_US\" \/><input type=\"hidden\" name=\"_wpcf7_unit_tag\" value=\"wpcf7-f3160-o1\" \/><input type=\"hidden\" name=\"_wpcf7_container_post\" value=\"0\" \/><input type=\"hidden\" name=\"_wpcf7_posted_data_hash\" value=\"\" \/><input type=\"hidden\" name=\"_wpcf7_recaptcha_response\" value=\"\" \/>\n<\/fieldset>\n<div class=\"contact-form-style3 row\">\n  <div class=\"col-12 col-sm-6 col-md-4\">\n    <div class=\"input-row\">\n      <span class=\"wpcf7-form-control-wrap\" data-name=\"f-name\"><input size=\"40\" maxlength=\"400\" class=\"wpcf7-form-control wpcf7-text style1\" aria-invalid=\"false\" placeholder=\"Nom\" value=\"\" type=\"text\" name=\"f-name\" \/><\/span>\n    <\/div>\n  <\/div>\n  <div class=\"col-12 col-sm-6 col-md-4\">\n    <div class=\"input-row\">\n      <span class=\"wpcf7-form-control-wrap\" data-name=\"f-company\"><input size=\"40\" maxlength=\"400\" class=\"wpcf7-form-control wpcf7-text style1\" aria-invalid=\"false\" placeholder=\"Votre entreprise\" value=\"\" type=\"text\" name=\"f-company\" \/><\/span>\n    <\/div>\n  <\/div>\n  <div class=\"col-12 col-sm-6 col-md-4\">\n    <div class=\"input-row\">\n      <span class=\"wpcf7-form-control-wrap\" data-name=\"f-email\"><input size=\"40\" maxlength=\"400\" class=\"wpcf7-form-control wpcf7-text style1\" aria-invalid=\"false\" placeholder=\"Votre e-mail*\" value=\"\" type=\"text\" name=\"f-email\" \/><\/span>\n    <\/div>\n  <\/div>\n  <div class=\"col-12 col-sm-6 col-md-4\">\n    <div class=\"input-row\">\n      <span class=\"wpcf7-form-control-wrap\" data-name=\"f-phone\"><input size=\"40\" maxlength=\"400\" class=\"wpcf7-form-control wpcf7-text style1\" aria-invalid=\"false\" placeholder=\"Votre num\u00e9ro de t\u00e9l\u00e9phone\" value=\"\" type=\"text\" name=\"f-phone\" \/><\/span>\n    <\/div>\n  <\/div>\n  <div class=\"col-12 col-sm-6 col-md-8\">\n    <div class=\"input-row\">\n      <span class=\"wpcf7-form-control-wrap\" data-name=\"f-subject\"><input size=\"40\" maxlength=\"400\" class=\"wpcf7-form-control wpcf7-text style1\" aria-invalid=\"false\" placeholder=\"Sujet\" value=\"\" type=\"text\" name=\"f-subject\" \/><\/span>\n    <\/div>\n  <\/div>\n  <div class=\"col-12\">\n    <div class=\"input-row\">\n      <span class=\"wpcf7-form-control-wrap\" data-name=\"f-message\"><textarea cols=\"40\" rows=\"10\" maxlength=\"2000\" class=\"wpcf7-form-control wpcf7-textarea style1\" aria-invalid=\"false\" placeholder=\"Votre message*\" name=\"f-message\"><\/textarea><\/span>\n    <\/div>\n  <\/div>\n  <div class=\"require-text\">Tous les champs marqu\u00e9s d&#039;un &quot;*&quot; sont obligatoires pour envoyer ce formulaire<\/div>\n  <div class=\"col-12\">\n    <button class=\"button-style1\" type=\"submit\">\n      <span>Envoyer<\/span>\n    <\/button>\n  <\/div>\n<\/div><div class=\"wpcf7-response-output\" aria-hidden=\"true\"><\/div>\n<input type=\"hidden\" name=\"trp-form-language\" value=\"fr\"\/><\/form>\n<\/div>\n\n\n\t\t<\/div>\n\t<\/div>\n<\/div><\/div><\/div><\/div><div class=\"vc_row-full-width vc_clearfix\"><\/div>\t\t\n\t\t<div data-vc-full-width=\"true\" data-vc-full-width-init=\"false\" data-vc-stretch-content=\"true\" class=\"vc_row wpb_row vc_row-fluid vc_row-5e9847957836e vc_row-no-padding\">\t\t\n\t\t<div class=\"wpb_column vc_column_container vc_col-sm-12 vc_column_container-5efd7011132b1\"><div class=\"vc_column-inner\"><div class=\"wpb_wrapper\">\t\t<div class=\"map-block map-5e984783c78b6\" style=\"height: 480px;width: 100%;\">\n\t\t\t<div class=\"map\" id=\"map-5e984783c78b6\">\n\t\t\t\t\t\t\t<\/div>\n\t\t\t\t\t<\/div>\n\t\t<\/div><\/div><\/div><\/div><div class=\"vc_row-full-width vc_clearfix\"><\/div>\n<\/section>","protected":false},"excerpt":{"rendered":"Connect with our team. Contact us today. Address 57 Rue des Acacias, Casablanca 20000Open: 24\/24 7\/7 Contact +212 5222-30360+212 5222-30370reservation@le22apparthotel.com Write to us All fields marked with \"*\" are required to send this form Send","protected":false},"author":1,"featured_media":3530,"parent":0,"menu_order":0,"comment_status":"closed","ping_status":"closed","template":"","meta":{"_acf_changed":false,"footnotes":""},"class_list":["post-3149","page","type-page","status-publish","has-post-thumbnail","hentry"],"acf":[],"yoast_head":"<!-- This site is optimized with the Yoast SEO Premium plugin v22.2 (Yoast SEO v24.4) - https:\/\/yoast.com\/wordpress\/plugins\/seo\/ -->\n<title>Contact The 22 Aparthotel, Casablanca - Available 24\/7<\/title>\n<meta name=\"description\" content=\"For any inquiries or bookings, contact The 22 Aparthotel in Casablanca. Our team is available around the clock, 24\/7 to assist you. Visit our page for more information.\" \/>\n<meta name=\"robots\" content=\"index, follow, max-snippet:-1, max-image-preview:large, max-video-preview:-1\" \/>\n<link rel=\"canonical\" href=\"https:\/\/le22apparthotel.com\/fr\/contact-us\/\" \/>\n<meta property=\"og:locale\" content=\"fr_FR\" \/>\n<meta property=\"og:type\" content=\"article\" \/>\n<meta property=\"og:title\" content=\"Contact The 22 Aparthotel, Casablanca - Available 24\/7\" \/>\n<meta property=\"og:description\" content=\"For any inquiries or bookings, contact The 22 Aparthotel in Casablanca. Our team is available around the clock, 24\/7 to assist you. Visit our page for more information.\" \/>\n<meta property=\"og:url\" content=\"https:\/\/le22apparthotel.com\/fr\/contact-us\/\" \/>\n<meta property=\"og:site_name\" content=\"Le 22 Appart&#039; Hotel\" \/>\n<meta property=\"article:publisher\" content=\"https:\/\/www.facebook.com\/le22casablanca\" \/>\n<meta property=\"article:modified_time\" content=\"2024-03-18T23:01:53+00:00\" \/>\n<meta property=\"og:image\" content=\"http:\/\/le22apparthotel.com\/wp-content\/uploads\/2023\/04\/Le22AppartHotel_ServiceHead.jpg\" \/>\n\t<meta property=\"og:image:width\" content=\"2000\" \/>\n\t<meta property=\"og:image:height\" content=\"940\" \/>\n\t<meta property=\"og:image:type\" content=\"image\/jpeg\" \/>\n<meta name=\"twitter:card\" content=\"summary_large_image\" \/>\n<meta name=\"twitter:title\" content=\"Contact The 22 Aparthotel, Casablanca - Available 24\/7\" \/>\n<meta name=\"twitter:description\" content=\"For any inquiries or bookings, contact The 22 Aparthotel in Casablanca. Our team is available around the clock, 24\/7 to assist you. Visit our page for more information.\" \/>\n<script type=\"application\/ld+json\" class=\"yoast-schema-graph\">{\"@context\":\"https:\/\/schema.org\",\"@graph\":[{\"@type\":\"WebPage\",\"@id\":\"https:\/\/le22apparthotel.com\/contact-us\/\",\"url\":\"https:\/\/le22apparthotel.com\/contact-us\/\",\"name\":\"Contact The 22 Aparthotel, Casablanca - Available 24\/7\",\"isPartOf\":{\"@id\":\"https:\/\/le22apparthotel.com\/#website\"},\"primaryImageOfPage\":{\"@id\":\"https:\/\/le22apparthotel.com\/contact-us\/#primaryimage\"},\"image\":{\"@id\":\"https:\/\/le22apparthotel.com\/contact-us\/#primaryimage\"},\"thumbnailUrl\":\"https:\/\/le22apparthotel.com\/wp-content\/uploads\/2023\/04\/Le22AppartHotel_ServiceHead.jpg\",\"datePublished\":\"2020-07-01T13:38:34+00:00\",\"dateModified\":\"2024-03-18T23:01:53+00:00\",\"description\":\"For any inquiries or bookings, contact The 22 Aparthotel in Casablanca. Our team is available around the clock, 24\/7 to assist you. Visit our page for more information.\",\"breadcrumb\":{\"@id\":\"https:\/\/le22apparthotel.com\/contact-us\/#breadcrumb\"},\"inLanguage\":\"fr-FR\",\"potentialAction\":[{\"@type\":\"ReadAction\",\"target\":[\"https:\/\/le22apparthotel.com\/contact-us\/\"]}]},{\"@type\":\"ImageObject\",\"inLanguage\":\"fr-FR\",\"@id\":\"https:\/\/le22apparthotel.com\/contact-us\/#primaryimage\",\"url\":\"https:\/\/le22apparthotel.com\/wp-content\/uploads\/2023\/04\/Le22AppartHotel_ServiceHead.jpg\",\"contentUrl\":\"https:\/\/le22apparthotel.com\/wp-content\/uploads\/2023\/04\/Le22AppartHotel_ServiceHead.jpg\",\"width\":2000,\"height\":940,\"caption\":\"For any inquiries or bookings, contact The 22 Aparthotel in Casablanca. Our team is available around the clock, 24\/7 to assist you. Visit our page for more information.\"},{\"@type\":\"BreadcrumbList\",\"@id\":\"https:\/\/le22apparthotel.com\/contact-us\/#breadcrumb\",\"itemListElement\":[{\"@type\":\"ListItem\",\"position\":1,\"name\":\"Home\",\"item\":\"https:\/\/le22apparthotel.com\/\"},{\"@type\":\"ListItem\",\"position\":2,\"name\":\"Contact\"}]},{\"@type\":\"WebSite\",\"@id\":\"https:\/\/le22apparthotel.com\/#website\",\"url\":\"https:\/\/le22apparthotel.com\/\",\"name\":\"Le 22 Appart' H\u00f4tel Casablanca\",\"description\":\"Appartements &amp; studios \u00e9quip\u00e9s au c\u0153ur de Casablanca\",\"publisher\":{\"@id\":\"https:\/\/le22apparthotel.com\/#organization\"},\"alternateName\":\"Le 22 Appart' H\u00f4tel\",\"potentialAction\":[{\"@type\":\"SearchAction\",\"target\":{\"@type\":\"EntryPoint\",\"urlTemplate\":\"https:\/\/le22apparthotel.com\/?s={search_term_string}\"},\"query-input\":{\"@type\":\"PropertyValueSpecification\",\"valueRequired\":true,\"valueName\":\"search_term_string\"}}],\"inLanguage\":\"fr-FR\"},{\"@type\":\"Organization\",\"@id\":\"https:\/\/le22apparthotel.com\/#organization\",\"name\":\"Le 22 Appart' H\u00f4tel Casablanca\",\"url\":\"https:\/\/le22apparthotel.com\/\",\"logo\":{\"@type\":\"ImageObject\",\"inLanguage\":\"fr-FR\",\"@id\":\"https:\/\/le22apparthotel.com\/#\/schema\/logo\/image\/\",\"url\":\"http:\/\/le22apparthotel.com\/wp-content\/uploads\/2023\/04\/Le22AppartHotel_Reviews.jpg\",\"contentUrl\":\"http:\/\/le22apparthotel.com\/wp-content\/uploads\/2023\/04\/Le22AppartHotel_Reviews.jpg\",\"width\":1200,\"height\":1600,\"caption\":\"Le 22 Appart' H\u00f4tel Casablanca\"},\"image\":{\"@id\":\"https:\/\/le22apparthotel.com\/#\/schema\/logo\/image\/\"},\"sameAs\":[\"https:\/\/www.facebook.com\/le22casablanca\",\"https:\/\/www.instagram.com\/le_22_appart_hotel\/\"],\"description\":\"Set in a residential and commercial area, this laid-back apartment hotel is 3 km from Casablanca Cathedral and 7 km from Hassan II Mosque. Casablanca Mohammed V Airport is 28 km away. The bright, relaxed studios and apartments feature free Wi-Fi, flat-screen TVs, and living areas with sofabeds, as well as kitchenettes. Upgraded units add terraces\/balconies. Some have dining areas. There's 24-hour room service. Parking and laundry facilities are free. Breakfast is available (fee). There's a stylish cafe with a terrace and a potted garden. Other amenities include a gym and a convenience store.\",\"email\":\"info@le22apparthotel.com\",\"telephone\":\"+212 5222-30360\"}]}<\/script>\n<!-- \/ Yoast SEO Premium plugin. -->","yoast_head_json":{"title":"Contactez Le 22 Appart'H\u00f4tel, Casablanca - Disponible 24\/7","description":"Pour toute demande ou r\u00e9servation, contactez Le 22 Appart'H\u00f4tel \u00e0 Casablanca. Notre \u00e9quipe vous assiste jour et nuit, 24\/7. Plus d'infos sur notre page.","robots":{"index":"index","follow":"follow","max-snippet":"max-snippet:-1","max-image-preview":"max-image-preview:large","max-video-preview":"max-video-preview:-1"},"canonical":"https:\/\/le22apparthotel.com\/fr\/contact-us\/","og_locale":"fr_FR","og_type":"article","og_title":"Contact The 22 Aparthotel, Casablanca - Available 24\/7","og_description":"For any inquiries or bookings, contact The 22 Aparthotel in Casablanca. Our team is available around the clock, 24\/7 to assist you. Visit our page for more information.","og_url":"https:\/\/le22apparthotel.com\/fr\/contact-us\/","og_site_name":"Le 22 Appart&#039; Hotel","article_publisher":"https:\/\/www.facebook.com\/le22casablanca","article_modified_time":"2024-03-18T23:01:53+00:00","og_image":[{"width":2000,"height":940,"url":"http:\/\/le22apparthotel.com\/wp-content\/uploads\/2023\/04\/Le22AppartHotel_ServiceHead.jpg","type":"image\/jpeg"}],"twitter_card":"summary_large_image","twitter_title":"Contact The 22 Aparthotel, Casablanca - Available 24\/7","twitter_description":"For any inquiries or bookings, contact The 22 Aparthotel in Casablanca. Our team is available around the clock, 24\/7 to assist you. Visit our page for more information.","schema":{"@context":"https:\/\/schema.org","@graph":[{"@type":"WebPage","@id":"https:\/\/le22apparthotel.com\/contact-us\/","url":"https:\/\/le22apparthotel.com\/contact-us\/","name":"Contactez Le 22 Appart'H\u00f4tel, Casablanca - Disponible 24\/7","isPartOf":{"@id":"https:\/\/le22apparthotel.com\/#website"},"primaryImageOfPage":{"@id":"https:\/\/le22apparthotel.com\/contact-us\/#primaryimage"},"image":{"@id":"https:\/\/le22apparthotel.com\/contact-us\/#primaryimage"},"thumbnailUrl":"https:\/\/le22apparthotel.com\/wp-content\/uploads\/2023\/04\/Le22AppartHotel_ServiceHead.jpg","datePublished":"2020-07-01T13:38:34+00:00","dateModified":"2024-03-18T23:01:53+00:00","description":"Pour toute demande ou r\u00e9servation, contactez Le 22 Appart'H\u00f4tel \u00e0 Casablanca. Notre \u00e9quipe vous assiste jour et nuit, 24\/7. Plus d'infos sur notre page.","breadcrumb":{"@id":"https:\/\/le22apparthotel.com\/contact-us\/#breadcrumb"},"inLanguage":"fr-FR","potentialAction":[{"@type":"ReadAction","target":["https:\/\/le22apparthotel.com\/contact-us\/"]}]},{"@type":"ImageObject","inLanguage":"fr-FR","@id":"https:\/\/le22apparthotel.com\/contact-us\/#primaryimage","url":"https:\/\/le22apparthotel.com\/wp-content\/uploads\/2023\/04\/Le22AppartHotel_ServiceHead.jpg","contentUrl":"https:\/\/le22apparthotel.com\/wp-content\/uploads\/2023\/04\/Le22AppartHotel_ServiceHead.jpg","width":2000,"height":940,"caption":"For any inquiries or bookings, contact The 22 Aparthotel in Casablanca. Our team is available around the clock, 24\/7 to assist you. Visit our page for more information."},{"@type":"BreadcrumbList","@id":"https:\/\/le22apparthotel.com\/contact-us\/#breadcrumb","itemListElement":[{"@type":"ListItem","position":1,"name":"Home","item":"https:\/\/le22apparthotel.com\/"},{"@type":"ListItem","position":2,"name":"Contact"}]},{"@type":"WebSite","@id":"https:\/\/le22apparthotel.com\/#website","url":"https:\/\/le22apparthotel.com\/","name":"Le 22 Appart' H\u00f4tel Casablanca","description":"Appartements &amp; studios \u00e9quip\u00e9s au c\u0153ur de Casablanca","publisher":{"@id":"https:\/\/le22apparthotel.com\/#organization"},"alternateName":"Le 22 Appart' H\u00f4tel","potentialAction":[{"@type":"SearchAction","target":{"@type":"EntryPoint","urlTemplate":"https:\/\/le22apparthotel.com\/?s={search_term_string}"},"query-input":{"@type":"PropertyValueSpecification","valueRequired":true,"valueName":"search_term_string"}}],"inLanguage":"fr-FR"},{"@type":"Organization","@id":"https:\/\/le22apparthotel.com\/#organization","name":"Le 22 Appart' H\u00f4tel Casablanca","url":"https:\/\/le22apparthotel.com\/","logo":{"@type":"ImageObject","inLanguage":"fr-FR","@id":"https:\/\/le22apparthotel.com\/#\/schema\/logo\/image\/","url":"http:\/\/le22apparthotel.com\/wp-content\/uploads\/2023\/04\/Le22AppartHotel_Reviews.jpg","contentUrl":"http:\/\/le22apparthotel.com\/wp-content\/uploads\/2023\/04\/Le22AppartHotel_Reviews.jpg","width":1200,"height":1600,"caption":"Le 22 Appart' H\u00f4tel Casablanca"},"image":{"@id":"https:\/\/le22apparthotel.com\/#\/schema\/logo\/image\/"},"sameAs":["https:\/\/www.facebook.com\/le22casablanca","https:\/\/www.instagram.com\/le_22_appart_hotel\/"],"description":"Set in a residential and commercial area, this laid-back apartment hotel is 3 km from Casablanca Cathedral and 7 km from Hassan II Mosque. Casablanca Mohammed V Airport is 28 km away. The bright, relaxed studios and apartments feature free Wi-Fi, flat-screen TVs, and living areas with sofabeds, as well as kitchenettes. Upgraded units add terraces\/balconies. Some have dining areas. There's 24-hour room service. Parking and laundry facilities are free. Breakfast is available (fee). There's a stylish cafe with a terrace and a potted garden. Other amenities include a gym and a convenience store.","email":"info@le22apparthotel.com","telephone":"+212 5222-30360"}]}},"_links":{"self":[{"href":"https:\/\/le22apparthotel.com\/fr\/wp-json\/wp\/v2\/pages\/3149","targetHints":{"allow":["GET"]}}],"collection":[{"href":"https:\/\/le22apparthotel.com\/fr\/wp-json\/wp\/v2\/pages"}],"about":[{"href":"https:\/\/le22apparthotel.com\/fr\/wp-json\/wp\/v2\/types\/page"}],"author":[{"embeddable":true,"href":"https:\/\/le22apparthotel.com\/fr\/wp-json\/wp\/v2\/users\/1"}],"replies":[{"embeddable":true,"href":"https:\/\/le22apparthotel.com\/fr\/wp-json\/wp\/v2\/comments?post=3149"}],"version-history":[{"count":4,"href":"https:\/\/le22apparthotel.com\/fr\/wp-json\/wp\/v2\/pages\/3149\/revisions"}],"predecessor-version":[{"id":4241,"href":"https:\/\/le22apparthotel.com\/fr\/wp-json\/wp\/v2\/pages\/3149\/revisions\/4241"}],"wp:featuredmedia":[{"embeddable":true,"href":"https:\/\/le22apparthotel.com\/fr\/wp-json\/wp\/v2\/media\/3530"}],"wp:attachment":[{"href":"https:\/\/le22apparthotel.com\/fr\/wp-json\/wp\/v2\/media?parent=3149"}],"curies":[{"name":"wp","href":"https:\/\/api.w.org\/{rel}","templated":true}]}}