{"id":2770,"date":"2020-06-16T12:51:49","date_gmt":"2020-06-16T12:51:49","guid":{"rendered":"https:\/\/promo-theme.com\/holleta\/my-account-2\/"},"modified":"2023-12-04T10:46:25","modified_gmt":"2023-12-04T09:46:25","slug":"my-account-2","status":"publish","type":"page","link":"https:\/\/le22apparthotel.com\/fr\/my-account-2\/","title":{"rendered":"Mon compte"},"content":{"rendered":"<p><code>        <div class=\"mphb_sc_account\">\n            \t\t\t<div class=\"mphb-account-content\">\n\t\t\t\t\t\t\t\t\t\t\t\t\t\t\t<div class=\"mphb-login-form\">\n            \t<form name=\"loginform\" id=\"loginform\" action=\"https:\/\/le22apparthotel.com\/wp-login.php\" method=\"post\"><p class=\"login-username\">\n\t\t\t\t<label for=\"user_login\">Identifiant ou adresse e-mail<\/label>\n\t\t\t\t<input type=\"text\" name=\"log\" id=\"user_login\" autocomplete=\"username\" class=\"input\" value=\"\" size=\"20\" \/>\n\t\t\t<\/p><p class=\"login-password\">\n\t\t\t\t<label for=\"user_pass\">Mot de passe<\/label>\n\t\t\t\t<input type=\"password\" name=\"pwd\" id=\"user_pass\" autocomplete=\"current-password\" spellcheck=\"false\" class=\"input\" value=\"\" size=\"20\" \/>\n\t\t\t<\/p><p class=\"login-remember\"><label><input name=\"rememberme\" type=\"checkbox\" id=\"rememberme\" value=\"forever\" \/> Se souvenir de moi<\/label><\/p><p class=\"login-submit\">\n\t\t\t\t<input type=\"submit\" name=\"wp-submit\" id=\"wp-submit\" class=\"button button-primary\" value=\"Se connecter\" \/>\n\t\t\t\t<input type=\"hidden\" name=\"redirect_to\" value=\"https:\/\/le22apparthotel.com\/fr\/wp-json\/wp\/v2\/pages\/2770\" \/>\n\t\t\t<\/p><\/form>                <a href=\"https:\/\/le22apparthotel.com\/fr\/my-account-2\/lost-password\/\">Lost your password?<\/a>\n\t\t\t<\/div>\n\t\t\t\t\t\t\t\t\t\t<\/div>\n        <\/div>\n        <\/code><\/p>","protected":false},"excerpt":{"rendered":"Identifiant ou adresse e-mail Mot de passe Se souvenir de moi Lost your password?","protected":false},"author":1,"featured_media":0,"parent":0,"menu_order":0,"comment_status":"closed","ping_status":"closed","template":"","meta":{"_acf_changed":false,"footnotes":""},"class_list":["post-2770","page","type-page","status-publish","hentry"],"acf":[],"yoast_head":"<!-- This site is optimized with the Yoast SEO Premium plugin v22.2 (Yoast SEO v24.4) - https:\/\/yoast.com\/wordpress\/plugins\/seo\/ -->\n<title>The 22 Aparthotel - Comfort and Luxury in the Heart of Casablanca<\/title>\n<meta name=\"description\" content=\"Discover comfort and luxury at The 22 Aparthotel in Casablanca. Enjoy fully-equipped apartments and exceptional service for an unforgettable stay in the heart of the city.\" \/>\n<meta name=\"robots\" content=\"noindex, nofollow\" \/>\n<meta property=\"og:locale\" content=\"fr_FR\" \/>\n<meta property=\"og:type\" content=\"article\" \/>\n<meta property=\"og:title\" content=\"The 22 Aparthotel - Comfort and Luxury in the Heart of Casablanca\" \/>\n<meta property=\"og:description\" content=\"Discover comfort and luxury at The 22 Aparthotel in Casablanca. Enjoy fully-equipped apartments and exceptional service for an unforgettable stay in the heart of the city.\" \/>\n<meta property=\"og:url\" content=\"https:\/\/le22apparthotel.com\/fr\/my-account-2\/\" \/>\n<meta property=\"og:site_name\" content=\"Le 22 Appart&#039; Hotel\" \/>\n<meta property=\"article:publisher\" content=\"https:\/\/www.facebook.com\/le22casablanca\" \/>\n<meta property=\"article:modified_time\" content=\"2023-12-04T09:46:25+00:00\" \/>\n<meta property=\"og:image\" content=\"https:\/\/le22apparthotel.com\/wp-content\/uploads\/2023\/04\/Le22AppartHotel_ServiceHead2.jpg\" \/>\n\t<meta property=\"og:image:width\" content=\"2000\" \/>\n\t<meta property=\"og:image:height\" content=\"940\" \/>\n\t<meta property=\"og:image:type\" content=\"image\/jpeg\" \/>\n<meta name=\"twitter:card\" content=\"summary_large_image\" \/>\n<script type=\"application\/ld+json\" class=\"yoast-schema-graph\">{\"@context\":\"https:\/\/schema.org\",\"@graph\":[{\"@type\":\"WebPage\",\"@id\":\"https:\/\/le22apparthotel.com\/my-account-2\/\",\"url\":\"https:\/\/le22apparthotel.com\/my-account-2\/\",\"name\":\"The 22 Aparthotel - Comfort and Luxury in the Heart of Casablanca\",\"isPartOf\":{\"@id\":\"https:\/\/le22apparthotel.com\/#website\"},\"datePublished\":\"2020-06-16T12:51:49+00:00\",\"dateModified\":\"2023-12-04T09:46:25+00:00\",\"description\":\"Discover comfort and luxury at The 22 Aparthotel in Casablanca. Enjoy fully-equipped apartments and exceptional service for an unforgettable stay in the heart of the city.\",\"breadcrumb\":{\"@id\":\"https:\/\/le22apparthotel.com\/my-account-2\/#breadcrumb\"},\"inLanguage\":\"fr-FR\",\"potentialAction\":[{\"@type\":\"ReadAction\",\"target\":[\"https:\/\/le22apparthotel.com\/my-account-2\/\"]}]},{\"@type\":\"BreadcrumbList\",\"@id\":\"https:\/\/le22apparthotel.com\/my-account-2\/#breadcrumb\",\"itemListElement\":[{\"@type\":\"ListItem\",\"position\":1,\"name\":\"Home\",\"item\":\"https:\/\/le22apparthotel.com\/\"},{\"@type\":\"ListItem\",\"position\":2,\"name\":\"My account\"}]},{\"@type\":\"WebSite\",\"@id\":\"https:\/\/le22apparthotel.com\/#website\",\"url\":\"https:\/\/le22apparthotel.com\/\",\"name\":\"Le 22 Appart' H\u00f4tel Casablanca\",\"description\":\"Appartements &amp; studios \u00e9quip\u00e9s au c\u0153ur de Casablanca\",\"publisher\":{\"@id\":\"https:\/\/le22apparthotel.com\/#organization\"},\"alternateName\":\"Le 22 Appart' H\u00f4tel\",\"potentialAction\":[{\"@type\":\"SearchAction\",\"target\":{\"@type\":\"EntryPoint\",\"urlTemplate\":\"https:\/\/le22apparthotel.com\/?s={search_term_string}\"},\"query-input\":{\"@type\":\"PropertyValueSpecification\",\"valueRequired\":true,\"valueName\":\"search_term_string\"}}],\"inLanguage\":\"fr-FR\"},{\"@type\":\"Organization\",\"@id\":\"https:\/\/le22apparthotel.com\/#organization\",\"name\":\"Le 22 Appart' H\u00f4tel Casablanca\",\"url\":\"https:\/\/le22apparthotel.com\/\",\"logo\":{\"@type\":\"ImageObject\",\"inLanguage\":\"fr-FR\",\"@id\":\"https:\/\/le22apparthotel.com\/#\/schema\/logo\/image\/\",\"url\":\"http:\/\/le22apparthotel.com\/wp-content\/uploads\/2023\/04\/Le22AppartHotel_Reviews.jpg\",\"contentUrl\":\"http:\/\/le22apparthotel.com\/wp-content\/uploads\/2023\/04\/Le22AppartHotel_Reviews.jpg\",\"width\":1200,\"height\":1600,\"caption\":\"Le 22 Appart' H\u00f4tel Casablanca\"},\"image\":{\"@id\":\"https:\/\/le22apparthotel.com\/#\/schema\/logo\/image\/\"},\"sameAs\":[\"https:\/\/www.facebook.com\/le22casablanca\",\"https:\/\/www.instagram.com\/le_22_appart_hotel\/\"],\"description\":\"Set in a residential and commercial area, this laid-back apartment hotel is 3 km from Casablanca Cathedral and 7 km from Hassan II Mosque. Casablanca Mohammed V Airport is 28 km away. The bright, relaxed studios and apartments feature free Wi-Fi, flat-screen TVs, and living areas with sofabeds, as well as kitchenettes. Upgraded units add terraces\/balconies. Some have dining areas. There's 24-hour room service. Parking and laundry facilities are free. Breakfast is available (fee). There's a stylish cafe with a terrace and a potted garden. Other amenities include a gym and a convenience store.\",\"email\":\"info@le22apparthotel.com\",\"telephone\":\"+212 5222-30360\"}]}<\/script>\n<!-- \/ Yoast SEO Premium plugin. -->","yoast_head_json":{"title":"The 22 Aparthotel - Comfort and Luxury in the Heart of Casablanca","description":"Discover comfort and luxury at The 22 Aparthotel in Casablanca. Enjoy fully-equipped apartments and exceptional service for an unforgettable stay in the heart of the city.","robots":{"index":"noindex","follow":"nofollow"},"og_locale":"fr_FR","og_type":"article","og_title":"The 22 Aparthotel - Comfort and Luxury in the Heart of Casablanca","og_description":"Discover comfort and luxury at The 22 Aparthotel in Casablanca. Enjoy fully-equipped apartments and exceptional service for an unforgettable stay in the heart of the city.","og_url":"https:\/\/le22apparthotel.com\/fr\/my-account-2\/","og_site_name":"Le 22 Appart&#039; Hotel","article_publisher":"https:\/\/www.facebook.com\/le22casablanca","article_modified_time":"2023-12-04T09:46:25+00:00","og_image":[{"width":2000,"height":940,"url":"https:\/\/le22apparthotel.com\/wp-content\/uploads\/2023\/04\/Le22AppartHotel_ServiceHead2.jpg","type":"image\/jpeg"}],"twitter_card":"summary_large_image","schema":{"@context":"https:\/\/schema.org","@graph":[{"@type":"WebPage","@id":"https:\/\/le22apparthotel.com\/my-account-2\/","url":"https:\/\/le22apparthotel.com\/my-account-2\/","name":"The 22 Aparthotel - Comfort and Luxury in the Heart of Casablanca","isPartOf":{"@id":"https:\/\/le22apparthotel.com\/#website"},"datePublished":"2020-06-16T12:51:49+00:00","dateModified":"2023-12-04T09:46:25+00:00","description":"Discover comfort and luxury at The 22 Aparthotel in Casablanca. Enjoy fully-equipped apartments and exceptional service for an unforgettable stay in the heart of the city.","breadcrumb":{"@id":"https:\/\/le22apparthotel.com\/my-account-2\/#breadcrumb"},"inLanguage":"fr-FR","potentialAction":[{"@type":"ReadAction","target":["https:\/\/le22apparthotel.com\/my-account-2\/"]}]},{"@type":"BreadcrumbList","@id":"https:\/\/le22apparthotel.com\/my-account-2\/#breadcrumb","itemListElement":[{"@type":"ListItem","position":1,"name":"Home","item":"https:\/\/le22apparthotel.com\/"},{"@type":"ListItem","position":2,"name":"My account"}]},{"@type":"WebSite","@id":"https:\/\/le22apparthotel.com\/#website","url":"https:\/\/le22apparthotel.com\/","name":"Le 22 Appart' H\u00f4tel Casablanca","description":"Appartements &amp; studios \u00e9quip\u00e9s au c\u0153ur de Casablanca","publisher":{"@id":"https:\/\/le22apparthotel.com\/#organization"},"alternateName":"Le 22 Appart' H\u00f4tel","potentialAction":[{"@type":"SearchAction","target":{"@type":"EntryPoint","urlTemplate":"https:\/\/le22apparthotel.com\/?s={search_term_string}"},"query-input":{"@type":"PropertyValueSpecification","valueRequired":true,"valueName":"search_term_string"}}],"inLanguage":"fr-FR"},{"@type":"Organization","@id":"https:\/\/le22apparthotel.com\/#organization","name":"Le 22 Appart' H\u00f4tel Casablanca","url":"https:\/\/le22apparthotel.com\/","logo":{"@type":"ImageObject","inLanguage":"fr-FR","@id":"https:\/\/le22apparthotel.com\/#\/schema\/logo\/image\/","url":"http:\/\/le22apparthotel.com\/wp-content\/uploads\/2023\/04\/Le22AppartHotel_Reviews.jpg","contentUrl":"http:\/\/le22apparthotel.com\/wp-content\/uploads\/2023\/04\/Le22AppartHotel_Reviews.jpg","width":1200,"height":1600,"caption":"Le 22 Appart' H\u00f4tel Casablanca"},"image":{"@id":"https:\/\/le22apparthotel.com\/#\/schema\/logo\/image\/"},"sameAs":["https:\/\/www.facebook.com\/le22casablanca","https:\/\/www.instagram.com\/le_22_appart_hotel\/"],"description":"Set in a residential and commercial area, this laid-back apartment hotel is 3 km from Casablanca Cathedral and 7 km from Hassan II Mosque. Casablanca Mohammed V Airport is 28 km away. The bright, relaxed studios and apartments feature free Wi-Fi, flat-screen TVs, and living areas with sofabeds, as well as kitchenettes. Upgraded units add terraces\/balconies. Some have dining areas. There's 24-hour room service. Parking and laundry facilities are free. Breakfast is available (fee). There's a stylish cafe with a terrace and a potted garden. Other amenities include a gym and a convenience store.","email":"info@le22apparthotel.com","telephone":"+212 5222-30360"}]}},"_links":{"self":[{"href":"https:\/\/le22apparthotel.com\/fr\/wp-json\/wp\/v2\/pages\/2770","targetHints":{"allow":["GET"]}}],"collection":[{"href":"https:\/\/le22apparthotel.com\/fr\/wp-json\/wp\/v2\/pages"}],"about":[{"href":"https:\/\/le22apparthotel.com\/fr\/wp-json\/wp\/v2\/types\/page"}],"author":[{"embeddable":true,"href":"https:\/\/le22apparthotel.com\/fr\/wp-json\/wp\/v2\/users\/1"}],"replies":[{"embeddable":true,"href":"https:\/\/le22apparthotel.com\/fr\/wp-json\/wp\/v2\/comments?post=2770"}],"version-history":[{"count":1,"href":"https:\/\/le22apparthotel.com\/fr\/wp-json\/wp\/v2\/pages\/2770\/revisions"}],"predecessor-version":[{"id":4203,"href":"https:\/\/le22apparthotel.com\/fr\/wp-json\/wp\/v2\/pages\/2770\/revisions\/4203"}],"wp:attachment":[{"href":"https:\/\/le22apparthotel.com\/fr\/wp-json\/wp\/v2\/media?parent=2770"}],"curies":[{"name":"wp","href":"https:\/\/api.w.org\/{rel}","templated":true}]}}